{"id":406,"date":"2024-02-18T13:49:48","date_gmt":"2024-02-18T12:49:48","guid":{"rendered":"https:\/\/www.villa-hermitage.fr\/?page_id=406"},"modified":"2024-03-04T22:34:43","modified_gmt":"2024-03-04T21:34:43","slug":"bons-plans-villa-piscine-deauville","status":"publish","type":"page","link":"https:\/\/www.villa-hermitage.fr\/index.php\/bons-plans-villa-piscine-deauville\/","title":{"rendered":"Offres"},"content":{"rendered":"\n[et_pb_section fb_built=\u00a0\u00bb1&Prime; admin_label=\u00a0\u00bbHeader\u00a0\u00bb _builder_version=\u00a0\u00bb4.24.2&Prime; _module_preset=\u00a0\u00bbdefault\u00a0\u00bb custom_padding=\u00a0\u00bb0px||13px|||\u00a0\u00bb locked=\u00a0\u00bboff\u00a0\u00bb collapsed=\u00a0\u00bboff\u00a0\u00bb global_colors_info=\u00a0\u00bb{}\u00a0\u00bb][et_pb_row _builder_version=\u00a0\u00bb4.21.0&Prime; _module_preset=\u00a0\u00bbdefault\u00a0\u00bb custom_padding=\u00a0\u00bb15px|||||\u00a0\u00bb locked=\u00a0\u00bboff\u00a0\u00bb global_colors_info=\u00a0\u00bb{}\u00a0\u00bb][et_pb_column type=\u00a0\u00bb4_4&Prime; _builder_version=\u00a0\u00bb4.21.0&Prime; _module_preset=\u00a0\u00bbdefault\u00a0\u00bb global_colors_info=\u00a0\u00bb{}\u00a0\u00bb][et_pb_text _builder_version=\u00a0\u00bb4.24.2&Prime; _module_preset=\u00a0\u00bbbaadfa88-da82-4447-b750-1ed9eb873b6e\u00a0\u00bb text_font=\u00a0\u00bbJosefin Sans|600|||||||\u00a0\u00bb text_text_color=\u00a0\u00bb#242323&Prime; header_font=\u00a0\u00bbJosefin Sans|300|||||||\u00a0\u00bb header_text_color=\u00a0\u00bb#242323&Prime; header_font_size=\u00a0\u00bb50px\u00a0\u00bb text_orientation=\u00a0\u00bbcenter\u00a0\u00bb custom_margin=\u00a0\u00bb||-3px|||\u00a0\u00bb custom_padding=\u00a0\u00bb21px||0px|||\u00a0\u00bb text_font_size_tablet=\u00a0\u00bb\u00a0\u00bb text_font_size_phone=\u00a0\u00bb16px\u00a0\u00bb text_font_size_last_edited=\u00a0\u00bbon|phone\u00a0\u00bb header_font_size_phone=\u00a0\u00bb32px\u00a0\u00bb locked=\u00a0\u00bboff\u00a0\u00bb global_colors_info=\u00a0\u00bb{}\u00a0\u00bb]<h1><span style=\"color: #000000;\">Offres<\/span><\/h1>[\/et_pb_text][et_pb_text _builder_version=\u00a0\u00bb4.24.2&Prime; _module_preset=\u00a0\u00bb78b48032-ce5b-4fa1-b452-77e14de81eec\u00a0\u00bb text_font=\u00a0\u00bbPoppins||||||||\u00a0\u00bb text_font_size=\u00a0\u00bb15px\u00a0\u00bb header_font=\u00a0\u00bbPoppins||||||||\u00a0\u00bb header_text_align=\u00a0\u00bbcenter\u00a0\u00bb text_orientation=\u00a0\u00bbcenter\u00a0\u00bb width=\u00a0\u00bb90%\u00a0\u00bb module_alignment=\u00a0\u00bbcenter\u00a0\u00bb text_font_size_phone=\u00a0\u00bb15px\u00a0\u00bb custom_css_free_form=\u00a0\u00bbp{||  font-weight:400||}\u00a0\u00bb locked=\u00a0\u00bboff\u00a0\u00bb inline_fonts=\u00a0\u00bbCabin\u00a0\u00bb global_colors_info=\u00a0\u00bb{}\u00a0\u00bb]<p style=\"text-align: center;\"><span style=\"font-weight: 400;\">Profitez pleinement de l\u2019offre du mois pour un s\u00e9jour de r\u00eave \u00e0 petits prix !<\/span><\/p>[\/et_pb_text][\/et_pb_column][\/et_pb_row][et_pb_row _builder_version=\u00a0\u00bb4.24.2&Prime; _module_preset=\u00a0\u00bbdefault\u00a0\u00bb custom_padding=\u00a0\u00bb1px|||||\u00a0\u00bb hover_enabled=\u00a0\u00bb0&Prime; global_colors_info=\u00a0\u00bb{}\u00a0\u00bb sticky_enabled=\u00a0\u00bb0&Prime;][et_pb_column type=\u00a0\u00bb4_4&Prime; _builder_version=\u00a0\u00bb4.21.0&Prime; _module_preset=\u00a0\u00bbdefault\u00a0\u00bb global_colors_info=\u00a0\u00bb{}\u00a0\u00bb][et_pb_post_slider posts_number=\u00a0\u00bb3&Prime; include_categories=\u00a0\u00bb6&Prime; excerpt_length=\u00a0\u00bb159&Prime; show_meta=\u00a0\u00bboff\u00a0\u00bb bg_overlay_color=\u00a0\u00bbrgba(35,45,55,0.75)\u00a0\u00bb _builder_version=\u00a0\u00bb4.24.2&Prime; _module_preset=\u00a0\u00bbef9cc6ca-7cbc-475d-be64-60d7b18ff097&Prime; header_font=\u00a0\u00bbJosefin Sans||||||||\u00a0\u00bb body_font=\u00a0\u00bbPoppins||||||||\u00a0\u00bb body_font_size=\u00a0\u00bb14px\u00a0\u00bb meta_font_size=\u00a0\u00bb15px\u00a0\u00bb button_custom_padding=\u00a0\u00bb10px|24px|11px|24px|false|true\u00a0\u00bb max_height=\u00a0\u00bb424px\u00a0\u00bb custom_padding=\u00a0\u00bb4vw||4vw||true|false\u00a0\u00bb custom_padding_tablet=\u00a0\u00bb4vw||4vw||true|false\u00a0\u00bb custom_padding_phone=\u00a0\u00bb5vw||5vw||true|false\u00a0\u00bb custom_padding_last_edited=\u00a0\u00bbon|phone\u00a0\u00bb border_radii_image=\u00a0\u00bbon|4px|4px|4px|4px\u00a0\u00bb locked=\u00a0\u00bboff\u00a0\u00bb global_colors_info=\u00a0\u00bb{}\u00a0\u00bb][\/et_pb_post_slider][et_pb_blog posts_number=\u00a0\u00bb6&Prime; include_categories=\u00a0\u00bb6&Prime; show_author=\u00a0\u00bboff\u00a0\u00bb _builder_version=\u00a0\u00bb4.24.2&Prime; _module_preset=\u00a0\u00bbf1470992-38cf-4309-b6b1-d451f99a55cc\u00a0\u00bb header_font=\u00a0\u00bbJosefin Sans|700||on|||||\u00a0\u00bb header_font_size=\u00a0\u00bb18px\u00a0\u00bb body_font=\u00a0\u00bbPoppins||||||||\u00a0\u00bb body_font_size=\u00a0\u00bb14px\u00a0\u00bb read_more_font=\u00a0\u00bbPoppins|700||on|||||\u00a0\u00bb read_more_text_color=\u00a0\u00bb#242323&Prime; height=\u00a0\u00bb180px\u00a0\u00bb height_tablet=\u00a0\u00bbauto\u00a0\u00bb height_phone=\u00a0\u00bbauto\u00a0\u00bb height_last_edited=\u00a0\u00bbon|tablet\u00a0\u00bb max_height=\u00a0\u00bb180px\u00a0\u00bb max_height_tablet=\u00a0\u00bb180px\u00a0\u00bb max_height_phone=\u00a0\u00bb\u00a0\u00bb max_height_last_edited=\u00a0\u00bbon|phone\u00a0\u00bb locked=\u00a0\u00bboff\u00a0\u00bb global_colors_info=\u00a0\u00bb{%22gcid-3739f6af-6ec3-431f-9233-3cdc85f4270b%22:%91%22meta_text_color%22,%22pagination_text_color%22,%22meta_text_color%22,%22pagination_text_color%22,%22meta_text_color%22%93}\u00a0\u00bb][\/et_pb_blog][\/et_pb_column][\/et_pb_row][et_pb_row _builder_version=\u00a0\u00bb4.24.2&Prime; _module_preset=\u00a0\u00bbdefault\u00a0\u00bb][et_pb_column _builder_version=\u00a0\u00bb4.24.2&Prime; _module_preset=\u00a0\u00bbdefault\u00a0\u00bb type=\u00a0\u00bb4_4&Prime;][\/et_pb_column][\/et_pb_row][\/et_pb_section][et_pb_section fb_built=\u00a0\u00bb1&Prime; admin_label=\u00a0\u00bbCall to Action\u00a0\u00bb _builder_version=\u00a0\u00bb4.24.2&Prime; _module_preset=\u00a0\u00bbdefault\u00a0\u00bb background_color=\u00a0\u00bbgcid-3739f6af-6ec3-431f-9233-3cdc85f4270b\u00a0\u00bb width=\u00a0\u00bb80%\u00a0\u00bb width_tablet=\u00a0\u00bb80%\u00a0\u00bb width_phone=\u00a0\u00bb90%\u00a0\u00bb width_last_edited=\u00a0\u00bbon|desktop\u00a0\u00bb max_width=\u00a0\u00bb1080px\u00a0\u00bb module_alignment=\u00a0\u00bbcenter\u00a0\u00bb custom_margin=\u00a0\u00bb24px||24px||true|false\u00a0\u00bb custom_padding=\u00a0\u00bb||16px|||\u00a0\u00bb hover_enabled=\u00a0\u00bb0&Prime; border_radii=\u00a0\u00bbon|10px|10px|10px|10px\u00a0\u00bb locked=\u00a0\u00bboff\u00a0\u00bb collapsed=\u00a0\u00bbon\u00a0\u00bb global_colors_info=\u00a0\u00bb{%22gcid-3739f6af-6ec3-431f-9233-3cdc85f4270b%22:%91%22background_color%22%93}\u00a0\u00bb sticky_enabled=\u00a0\u00bb0&Prime;][et_pb_row _builder_version=\u00a0\u00bb4.24.2&Prime; _module_preset=\u00a0\u00bbdefault\u00a0\u00bb width_tablet=\u00a0\u00bb\u00a0\u00bb width_phone=\u00a0\u00bb100%\u00a0\u00bb width_last_edited=\u00a0\u00bbon|phone\u00a0\u00bb max_width=\u00a0\u00bb800px\u00a0\u00bb module_alignment_tablet=\u00a0\u00bb\u00a0\u00bb module_alignment_phone=\u00a0\u00bbcenter\u00a0\u00bb module_alignment_last_edited=\u00a0\u00bbon|phone\u00a0\u00bb global_colors_info=\u00a0\u00bb{}\u00a0\u00bb][et_pb_column type=\u00a0\u00bb4_4&Prime; _builder_version=\u00a0\u00bb4.21.0&Prime; _module_preset=\u00a0\u00bbdefault\u00a0\u00bb global_colors_info=\u00a0\u00bb{}\u00a0\u00bb][et_pb_text content_tablet=\u00a0\u00bb<h1 style=%22text-align: center;%22>r\u00e9servez votre s\u00e9jour \u00e0 la villa l&rsquo;Hermitage<\/h1>\u00a0\u00bb content_phone=\u00a0\u00bb<h1 style=%22text-align: center;%22>r\u00e9servez votre s\u00e9jour \u00e0 la villa l&rsquo;Hermitage<\/h1>\u00a0\u00bb content_last_edited=\u00a0\u00bbon|phone\u00a0\u00bb _builder_version=\u00a0\u00bb4.24.2&Prime; _module_preset=\u00a0\u00bbbaadfa88-da82-4447-b750-1ed9eb873b6e\u00a0\u00bb text_text_color=\u00a0\u00bb#FFFFFF\u00a0\u00bb text_font_size=\u00a0\u00bb18px\u00a0\u00bb text_line_height=\u00a0\u00bb2em\u00a0\u00bb header_font=\u00a0\u00bbJosefin Sans|||on|||||\u00a0\u00bb header_text_color=\u00a0\u00bb#FFFFFF\u00a0\u00bb header_font_size=\u00a0\u00bb1.4em\u00a0\u00bb header_line_height=\u00a0\u00bb1.4em\u00a0\u00bb width=\u00a0\u00bb100%\u00a0\u00bb max_width=\u00a0\u00bb100%\u00a0\u00bb max_width_tablet=\u00a0\u00bb87%\u00a0\u00bb max_width_phone=\u00a0\u00bb80%\u00a0\u00bb max_width_last_edited=\u00a0\u00bbon|desktop\u00a0\u00bb min_height_tablet=\u00a0\u00bb\u00a0\u00bb min_height_phone=\u00a0\u00bb\u00a0\u00bb min_height_last_edited=\u00a0\u00bbon|desktop\u00a0\u00bb max_height=\u00a0\u00bb448px\u00a0\u00bb custom_margin=\u00a0\u00bb-40px||3px||false|false\u00a0\u00bb custom_padding=\u00a0\u00bb0px|7px|20px|0px|false|false\u00a0\u00bb module_alignment_tablet=\u00a0\u00bb\u00a0\u00bb module_alignment_phone=\u00a0\u00bbcenter\u00a0\u00bb module_alignment_last_edited=\u00a0\u00bbon|phone\u00a0\u00bb custom_css_free_form=\u00a0\u00bbh1{||  font-weight:400;||}\u00a0\u00bb locked=\u00a0\u00bboff\u00a0\u00bb global_colors_info=\u00a0\u00bb{}\u00a0\u00bb]<h1 style=\"text-align: center;\">r\u00e9servez votre s\u00e9jour \u00e0 la villa l&rsquo;Hermitage<\/h1>[\/et_pb_text][et_pb_button button_url=\u00a0\u00bb@ET-DC@eyJkeW5hbWljIjp0cnVlLCJjb250ZW50IjoicG9zdF9saW5rX3VybF9wYWdlIiwic2V0dGluZ3MiOnsicG9zdF9pZCI6IjEwMjgifX0=@\u00a0\u00bb button_text=\u00a0\u00bbr\u00e9servez aujourd&rsquo;hui\u00a0\u00bb button_alignment=\u00a0\u00bbcenter\u00a0\u00bb module_class=\u00a0\u00bbbtn_primary\u00a0\u00bb _builder_version=\u00a0\u00bb4.24.2&Prime; _dynamic_attributes=\u00a0\u00bbbutton_url\u00a0\u00bb _module_preset=\u00a0\u00bb14da6383-3833-4788-b05f-84fc8a9f38aa\u00a0\u00bb button_text_color=\u00a0\u00bb#FFFFFF\u00a0\u00bb button_bg_color=\u00a0\u00bbRGBA(255,255,255,0)\u00a0\u00bb button_border_width=\u00a0\u00bb-2px\u00a0\u00bb button_font=\u00a0\u00bbJosefin Sans|||on|||||\u00a0\u00bb custom_padding=\u00a0\u00bb18px|30px|18px|30px|true|true\u00a0\u00bb custom_padding_tablet=\u00a0\u00bb18px|30px|18px|30px|true|true\u00a0\u00bb custom_padding_phone=\u00a0\u00bb11px|39px|11px|39px|true|true\u00a0\u00bb custom_padding_last_edited=\u00a0\u00bbon|phone\u00a0\u00bb button_on_hover_tablet=\u00a0\u00bb\u00a0\u00bb button_on_hover_phone=\u00a0\u00bboff\u00a0\u00bb button_on_hover_last_edited=\u00a0\u00bbon|phone\u00a0\u00bb custom_css_free_form=\u00a0\u00bb.btn_primary{||  line-height:2;||}\u00a0\u00bb locked=\u00a0\u00bboff\u00a0\u00bb global_colors_info=\u00a0\u00bb{}\u00a0\u00bb][\/et_pb_button][\/et_pb_column][\/et_pb_row][\/et_pb_section]\n","protected":false},"excerpt":{"rendered":"<p>OffresProfitez pleinement de l\u2019offre du mois pour un s\u00e9jour de r\u00eave \u00e0 petits prix !r\u00e9servez votre s\u00e9jour \u00e0 la villa l&rsquo;Hermitage<\/p>\n","protected":false},"author":2,"featured_media":0,"parent":0,"menu_order":0,"comment_status":"closed","ping_status":"closed","template":"","meta":{"_et_pb_use_builder":"on","_et_pb_old_content":"","_et_gb_content_width":"","footnotes":""},"class_list":["post-406","page","type-page","status-publish","hentry"],"yoast_head":"<!-- This site is optimized with the Yoast SEO plugin v27.5 - https:\/\/yoast.com\/product\/yoast-seo-wordpress\/ -->\n<title>Bons plans Villa Piscine Deauville Hermitage. Offres du mois<\/title>\n<meta name=\"description\" content=\"D\u00e9couvrez les bons plans du mois de la Villa Piscine Deauville Hermitage. Un s\u00e9jour de r\u00eave \u00e0 petit prix c&#039;est possible \u00e0 la Villa Hermitage\" \/>\n<meta name=\"robots\" content=\"index, follow, max-snippet:-1, max-image-preview:large, max-video-preview:-1\" \/>\n<link rel=\"canonical\" href=\"https:\/\/www.villa-hermitage.fr\/index.php\/bons-plans-villa-piscine-deauville\/\" \/>\n<meta property=\"og:locale\" content=\"fr_FR\" \/>\n<meta property=\"og:type\" content=\"article\" \/>\n<meta property=\"og:title\" content=\"Bons plans Villa Piscine Deauville Hermitage. Offres du mois\" \/>\n<meta property=\"og:description\" content=\"D\u00e9couvrez les bons plans du mois de la Villa Piscine Deauville Hermitage. Un s\u00e9jour de r\u00eave \u00e0 petit prix c&#039;est possible \u00e0 la Villa Hermitage\" \/>\n<meta property=\"og:url\" content=\"https:\/\/www.villa-hermitage.fr\/index.php\/bons-plans-villa-piscine-deauville\/\" \/>\n<meta property=\"og:site_name\" content=\"Villa l\u2019Hermitage Deauville Piscine Sauna Fitness \u00e0 2 pas de la Plage\" \/>\n<meta property=\"article:modified_time\" content=\"2024-03-04T21:34:43+00:00\" \/>\n<meta name=\"twitter:card\" content=\"summary_large_image\" \/>\n<meta name=\"twitter:label1\" content=\"Dur\u00e9e de lecture estim\u00e9e\" \/>\n\t<meta name=\"twitter:data1\" content=\"2 minutes\" \/>\n<script type=\"application\/ld+json\" class=\"yoast-schema-graph\">{\"@context\":\"https:\\\/\\\/schema.org\",\"@graph\":[{\"@type\":\"WebPage\",\"@id\":\"https:\\\/\\\/www.villa-hermitage.fr\\\/index.php\\\/bons-plans-villa-piscine-deauville\\\/\",\"url\":\"https:\\\/\\\/www.villa-hermitage.fr\\\/index.php\\\/bons-plans-villa-piscine-deauville\\\/\",\"name\":\"Bons plans Villa Piscine Deauville Hermitage. Offres du mois\",\"isPartOf\":{\"@id\":\"https:\\\/\\\/www.villa-hermitage.fr\\\/#website\"},\"datePublished\":\"2024-02-18T12:49:48+00:00\",\"dateModified\":\"2024-03-04T21:34:43+00:00\",\"description\":\"D\u00e9couvrez les bons plans du mois de la Villa Piscine Deauville Hermitage. Un s\u00e9jour de r\u00eave \u00e0 petit prix c'est possible \u00e0 la Villa Hermitage\",\"breadcrumb\":{\"@id\":\"https:\\\/\\\/www.villa-hermitage.fr\\\/index.php\\\/bons-plans-villa-piscine-deauville\\\/#breadcrumb\"},\"inLanguage\":\"fr-FR\",\"potentialAction\":[{\"@type\":\"ReadAction\",\"target\":[\"https:\\\/\\\/www.villa-hermitage.fr\\\/index.php\\\/bons-plans-villa-piscine-deauville\\\/\"]}]},{\"@type\":\"BreadcrumbList\",\"@id\":\"https:\\\/\\\/www.villa-hermitage.fr\\\/index.php\\\/bons-plans-villa-piscine-deauville\\\/#breadcrumb\",\"itemListElement\":[{\"@type\":\"ListItem\",\"position\":1,\"name\":\"Accueil\",\"item\":\"https:\\\/\\\/www.villa-hermitage.fr\\\/\"},{\"@type\":\"ListItem\",\"position\":2,\"name\":\"Offres\"}]},{\"@type\":\"WebSite\",\"@id\":\"https:\\\/\\\/www.villa-hermitage.fr\\\/#website\",\"url\":\"https:\\\/\\\/www.villa-hermitage.fr\\\/\",\"name\":\"Villa l\u2019Hermitage Deauville Piscine Sauna Fitness \u00e0 2 pas de la Plage\",\"description\":\"Location Villa piscine l\u2019Hermitage \u00e0 Deauville : Piscine chauff\u00e9e toute l\u2019ann\u00e9e, Sauna finlandais et chemin\u00e9e pour vos soir\u00e9es d\u2019hiver. Salle Fitness pour garder la forme. A 2 pas de la plage et \u00e0 5mn en v\u00e9lo des planches de Deauville\",\"potentialAction\":[{\"@type\":\"SearchAction\",\"target\":{\"@type\":\"EntryPoint\",\"urlTemplate\":\"https:\\\/\\\/www.villa-hermitage.fr\\\/?s={search_term_string}\"},\"query-input\":{\"@type\":\"PropertyValueSpecification\",\"valueRequired\":true,\"valueName\":\"search_term_string\"}}],\"inLanguage\":\"fr-FR\"}]}<\/script>\n<!-- \/ Yoast SEO plugin. -->","yoast_head_json":{"title":"Bons plans Villa Piscine Deauville Hermitage. Offres du mois","description":"D\u00e9couvrez les bons plans du mois de la Villa Piscine Deauville Hermitage. Un s\u00e9jour de r\u00eave \u00e0 petit prix c'est possible \u00e0 la Villa Hermitage","robots":{"index":"index","follow":"follow","max-snippet":"max-snippet:-1","max-image-preview":"max-image-preview:large","max-video-preview":"max-video-preview:-1"},"canonical":"https:\/\/www.villa-hermitage.fr\/index.php\/bons-plans-villa-piscine-deauville\/","og_locale":"fr_FR","og_type":"article","og_title":"Bons plans Villa Piscine Deauville Hermitage. Offres du mois","og_description":"D\u00e9couvrez les bons plans du mois de la Villa Piscine Deauville Hermitage. Un s\u00e9jour de r\u00eave \u00e0 petit prix c'est possible \u00e0 la Villa Hermitage","og_url":"https:\/\/www.villa-hermitage.fr\/index.php\/bons-plans-villa-piscine-deauville\/","og_site_name":"Villa l\u2019Hermitage Deauville Piscine Sauna Fitness \u00e0 2 pas de la Plage","article_modified_time":"2024-03-04T21:34:43+00:00","twitter_card":"summary_large_image","twitter_misc":{"Dur\u00e9e de lecture estim\u00e9e":"2 minutes"},"schema":{"@context":"https:\/\/schema.org","@graph":[{"@type":"WebPage","@id":"https:\/\/www.villa-hermitage.fr\/index.php\/bons-plans-villa-piscine-deauville\/","url":"https:\/\/www.villa-hermitage.fr\/index.php\/bons-plans-villa-piscine-deauville\/","name":"Bons plans Villa Piscine Deauville Hermitage. Offres du mois","isPartOf":{"@id":"https:\/\/www.villa-hermitage.fr\/#website"},"datePublished":"2024-02-18T12:49:48+00:00","dateModified":"2024-03-04T21:34:43+00:00","description":"D\u00e9couvrez les bons plans du mois de la Villa Piscine Deauville Hermitage. Un s\u00e9jour de r\u00eave \u00e0 petit prix c'est possible \u00e0 la Villa Hermitage","breadcrumb":{"@id":"https:\/\/www.villa-hermitage.fr\/index.php\/bons-plans-villa-piscine-deauville\/#breadcrumb"},"inLanguage":"fr-FR","potentialAction":[{"@type":"ReadAction","target":["https:\/\/www.villa-hermitage.fr\/index.php\/bons-plans-villa-piscine-deauville\/"]}]},{"@type":"BreadcrumbList","@id":"https:\/\/www.villa-hermitage.fr\/index.php\/bons-plans-villa-piscine-deauville\/#breadcrumb","itemListElement":[{"@type":"ListItem","position":1,"name":"Accueil","item":"https:\/\/www.villa-hermitage.fr\/"},{"@type":"ListItem","position":2,"name":"Offres"}]},{"@type":"WebSite","@id":"https:\/\/www.villa-hermitage.fr\/#website","url":"https:\/\/www.villa-hermitage.fr\/","name":"Villa l\u2019Hermitage Deauville Piscine Sauna Fitness \u00e0 2 pas de la Plage","description":"Location Villa piscine l\u2019Hermitage \u00e0 Deauville : Piscine chauff\u00e9e toute l\u2019ann\u00e9e, Sauna finlandais et chemin\u00e9e pour vos soir\u00e9es d\u2019hiver. Salle Fitness pour garder la forme. A 2 pas de la plage et \u00e0 5mn en v\u00e9lo des planches de Deauville","potentialAction":[{"@type":"SearchAction","target":{"@type":"EntryPoint","urlTemplate":"https:\/\/www.villa-hermitage.fr\/?s={search_term_string}"},"query-input":{"@type":"PropertyValueSpecification","valueRequired":true,"valueName":"search_term_string"}}],"inLanguage":"fr-FR"}]}},"_links":{"self":[{"href":"https:\/\/www.villa-hermitage.fr\/index.php\/wp-json\/wp\/v2\/pages\/406","targetHints":{"allow":["GET"]}}],"collection":[{"href":"https:\/\/www.villa-hermitage.fr\/index.php\/wp-json\/wp\/v2\/pages"}],"about":[{"href":"https:\/\/www.villa-hermitage.fr\/index.php\/wp-json\/wp\/v2\/types\/page"}],"author":[{"embeddable":true,"href":"https:\/\/www.villa-hermitage.fr\/index.php\/wp-json\/wp\/v2\/users\/2"}],"replies":[{"embeddable":true,"href":"https:\/\/www.villa-hermitage.fr\/index.php\/wp-json\/wp\/v2\/comments?post=406"}],"version-history":[{"count":29,"href":"https:\/\/www.villa-hermitage.fr\/index.php\/wp-json\/wp\/v2\/pages\/406\/revisions"}],"predecessor-version":[{"id":1714,"href":"https:\/\/www.villa-hermitage.fr\/index.php\/wp-json\/wp\/v2\/pages\/406\/revisions\/1714"}],"wp:attachment":[{"href":"https:\/\/www.villa-hermitage.fr\/index.php\/wp-json\/wp\/v2\/media?parent=406"}],"curies":[{"name":"wp","href":"https:\/\/api.w.org\/{rel}","templated":true}]}}